{"id":3024,"date":"2023-09-19T11:44:28","date_gmt":"2023-09-19T11:44:28","guid":{"rendered":"https:\/\/wk3.com.br\/blog\/?page_id=3024"},"modified":"2025-11-06T18:10:37","modified_gmt":"2025-11-06T18:10:37","slug":"blog","status":"publish","type":"page","link":"https:\/\/wk3.com.br\/blog\/","title":{"rendered":"Blog"},"content":{"rendered":"\t\t<div data-elementor-type=\"wp-page\" data-elementor-id=\"3024\" class=\"elementor elementor-3024\" data-elementor-post-type=\"page\">\n\t\t\t\t<div class=\"elementor-element elementor-element-80a73aa e-flex e-con-boxed e-con e-parent\" data-id=\"80a73aa\" data-element_type=\"container\" data-e-type=\"container\" data-settings=\"{&quot;background_background&quot;:&quot;classic&quot;}\">\n\t\t\t\t\t<div class=\"e-con-inner\">\n\t\t<div class=\"elementor-element elementor-element-90fd37d e-con-full e-flex e-con e-child\" data-id=\"90fd37d\" data-element_type=\"container\" data-e-type=\"container\">\n\t\t\t\t<div class=\"elementor-element elementor-element-a271396 elementor-invisible elementor-widget elementor-widget-heading\" data-id=\"a271396\" data-element_type=\"widget\" data-e-type=\"widget\" data-settings=\"{&quot;_animation&quot;:&quot;fadeInDown&quot;}\" data-widget_type=\"heading.default\">\n\t\t\t\t<div class=\"elementor-widget-container\">\n\t\t\t\t\t<h1 class=\"elementor-heading-title elementor-size-default\">Blog<\/h1>\t\t\t\t<\/div>\n\t\t\t\t<\/div>\n\t\t\t\t<\/div>\n\t\t\t\t\t<\/div>\n\t\t\t\t<\/div>\n\t\t<div class=\"elementor-element elementor-element-f9e0999 e-flex e-con-boxed e-con e-parent\" data-id=\"f9e0999\" data-element_type=\"container\" data-e-type=\"container\" data-settings=\"{&quot;background_background&quot;:&quot;classic&quot;}\">\n\t\t\t\t\t<div class=\"e-con-inner\">\n\t\t\t\t<div class=\"elementor-element elementor-element-32ce0f4 elementor-posts--align-center elementor-grid-3 elementor-grid-tablet-2 elementor-grid-mobile-1 elementor-posts--thumbnail-top elementor-widget elementor-widget-posts\" data-id=\"32ce0f4\" data-element_type=\"widget\" data-e-type=\"widget\" data-settings=\"{&quot;pagination_type&quot;:&quot;numbers&quot;,&quot;classic_columns&quot;:&quot;3&quot;,&quot;classic_columns_tablet&quot;:&quot;2&quot;,&quot;classic_columns_mobile&quot;:&quot;1&quot;,&quot;classic_row_gap&quot;:{&quot;unit&quot;:&quot;px&quot;,&quot;size&quot;:35,&quot;sizes&quot;:[]},&quot;classic_row_gap_tablet&quot;:{&quot;unit&quot;:&quot;px&quot;,&quot;size&quot;:&quot;&quot;,&quot;sizes&quot;:[]},&quot;classic_row_gap_mobile&quot;:{&quot;unit&quot;:&quot;px&quot;,&quot;size&quot;:&quot;&quot;,&quot;sizes&quot;:[]}}\" data-widget_type=\"posts.classic\">\n\t\t\t\t<div class=\"elementor-widget-container\">\n\t\t\t\t\t\t\t<div class=\"elementor-posts-container elementor-posts elementor-posts--skin-classic elementor-grid\">\n\t\t\t\t<article class=\"elementor-post elementor-grid-item post-3302 post type-post status-publish format-standard has-post-thumbnail hentry category-branding category-comunicacao category-marketing-de category-marketing-de-sustentabilidade category-mkt-estrategico category-sem-categoria\">\n\t\t\t\t<a class=\"elementor-post__thumbnail__link\" href=\"https:\/\/wk3.com.br\/blog\/marketing-de-sustentabilidade-no-b2b-estrategia-risco-e-posicionamento\/\" >\n\t\t\t<div class=\"elementor-post__thumbnail\"><img fetchpriority=\"high\" decoding=\"async\" width=\"370\" height=\"370\" src=\"https:\/\/wk3.com.br\/blog\/wp-content\/uploads\/2026\/03\/WK3_Blog_2026_2_Blog.png\" class=\"attachment-large size-large wp-image-3304\" alt=\"\" srcset=\"https:\/\/wk3.com.br\/blog\/wp-content\/uploads\/2026\/03\/WK3_Blog_2026_2_Blog.png 370w, https:\/\/wk3.com.br\/blog\/wp-content\/uploads\/2026\/03\/WK3_Blog_2026_2_Blog-150x150.png 150w\" sizes=\"(max-width: 370px) 100vw, 370px\" \/><\/div>\n\t\t<\/a>\n\t\t\t\t<div class=\"elementor-post__text\">\n\t\t\t\t<h3 class=\"elementor-post__title\">\n\t\t\t<a href=\"https:\/\/wk3.com.br\/blog\/marketing-de-sustentabilidade-no-b2b-estrategia-risco-e-posicionamento\/\" >\n\t\t\t\tMARKETING DE SUSTENTABILIDADE NO B2B: ESTRAT\u00c9GIA, RISCO E POSICIONAMENTO.\t\t\t<\/a>\n\t\t<\/h3>\n\t\t\t\t<\/div>\n\t\t\t\t<\/article>\n\t\t\t\t<article class=\"elementor-post elementor-grid-item post-3291 post type-post status-publish format-standard has-post-thumbnail hentry category-branding category-comunicacao category-mkt-estrategico category-planejamento-de-marketing tag-branding tag-planejamento-marketing tag-artigos-publicidade\">\n\t\t\t\t<a class=\"elementor-post__thumbnail__link\" href=\"https:\/\/wk3.com.br\/blog\/marketing-2026-por-que-o-planejamento-estrategico-comeca-agora\/\" >\n\t\t\t<div class=\"elementor-post__thumbnail\"><img decoding=\"async\" width=\"370\" height=\"370\" src=\"https:\/\/wk3.com.br\/blog\/wp-content\/uploads\/2026\/01\/WK3_Blog_2026_1_Blog.png\" class=\"attachment-large size-large wp-image-3295\" alt=\"\" srcset=\"https:\/\/wk3.com.br\/blog\/wp-content\/uploads\/2026\/01\/WK3_Blog_2026_1_Blog.png 370w, https:\/\/wk3.com.br\/blog\/wp-content\/uploads\/2026\/01\/WK3_Blog_2026_1_Blog-150x150.png 150w\" sizes=\"(max-width: 370px) 100vw, 370px\" \/><\/div>\n\t\t<\/a>\n\t\t\t\t<div class=\"elementor-post__text\">\n\t\t\t\t<h3 class=\"elementor-post__title\">\n\t\t\t<a href=\"https:\/\/wk3.com.br\/blog\/marketing-2026-por-que-o-planejamento-estrategico-comeca-agora\/\" >\n\t\t\t\tMARKETING 2026: POR QUE O PLANEJAMENTO ESTRAT\u00c9GICO COME\u00c7A AGORA\t\t\t<\/a>\n\t\t<\/h3>\n\t\t\t\t<\/div>\n\t\t\t\t<\/article>\n\t\t\t\t<article class=\"elementor-post elementor-grid-item post-3282 post type-post status-publish format-standard has-post-thumbnail hentry category-60 category-branding category-mkt-digital category-publicidade-digital tag-branding tag-internet tag-marketing-digital\">\n\t\t\t\t<a class=\"elementor-post__thumbnail__link\" href=\"https:\/\/wk3.com.br\/blog\/fadiga-digital-e-esquecimento-de-marca-o-novo-desafio-do-marketing-moderno-no-brasil-e-como-vencer-o-spam-cerebral\/\" >\n\t\t\t<div class=\"elementor-post__thumbnail\"><img decoding=\"async\" width=\"370\" height=\"370\" src=\"https:\/\/wk3.com.br\/blog\/wp-content\/uploads\/2025\/11\/WK3_Blog_2025_12_Blog.png\" class=\"attachment-large size-large wp-image-3284\" alt=\"Entre o excesso de conte\u00fado e o esquecimento, s\u00f3 marcas aut\u00eanticas permanecem.\" srcset=\"https:\/\/wk3.com.br\/blog\/wp-content\/uploads\/2025\/11\/WK3_Blog_2025_12_Blog.png 370w, https:\/\/wk3.com.br\/blog\/wp-content\/uploads\/2025\/11\/WK3_Blog_2025_12_Blog-150x150.png 150w\" sizes=\"(max-width: 370px) 100vw, 370px\" \/><\/div>\n\t\t<\/a>\n\t\t\t\t<div class=\"elementor-post__text\">\n\t\t\t\t<h3 class=\"elementor-post__title\">\n\t\t\t<a href=\"https:\/\/wk3.com.br\/blog\/fadiga-digital-e-esquecimento-de-marca-o-novo-desafio-do-marketing-moderno-no-brasil-e-como-vencer-o-spam-cerebral\/\" >\n\t\t\t\tFADIGA DIGITAL E ESQUECIMENTO DE MARCA: O NOVO DESAFIO DO MARKETING MODERNO NO BRASIL E COMO VENCER O &#8220;SPAM CEREBRAL&#8221;\u00a0\u00a0\t\t\t<\/a>\n\t\t<\/h3>\n\t\t\t\t<\/div>\n\t\t\t\t<\/article>\n\t\t\t\t<article class=\"elementor-post elementor-grid-item post-3267 post type-post status-publish format-standard has-post-thumbnail hentry category-60 category-branding category-mkt-digital category-artigos-publicidade category-seo tag-aeo tag-geo\">\n\t\t\t\t<a class=\"elementor-post__thumbnail__link\" href=\"https:\/\/wk3.com.br\/blog\/o-futuro-da-visibilidade-digital-de-seo-a-geo-e-aeo\/\" >\n\t\t\t<div class=\"elementor-post__thumbnail\"><img loading=\"lazy\" decoding=\"async\" width=\"370\" height=\"370\" src=\"https:\/\/wk3.com.br\/blog\/wp-content\/uploads\/2025\/10\/WK3_Blog_2025_11_Blog.png\" class=\"attachment-large size-large wp-image-3268\" alt=\"Descubra como GEO e AEO v\u00e3o transformar o SEO em 2025 e aprenda estrat\u00e9gias pr\u00e1ticas para manter sua marca vis\u00edvel na era da IA.\" srcset=\"https:\/\/wk3.com.br\/blog\/wp-content\/uploads\/2025\/10\/WK3_Blog_2025_11_Blog.png 370w, https:\/\/wk3.com.br\/blog\/wp-content\/uploads\/2025\/10\/WK3_Blog_2025_11_Blog-150x150.png 150w\" sizes=\"(max-width: 370px) 100vw, 370px\" \/><\/div>\n\t\t<\/a>\n\t\t\t\t<div class=\"elementor-post__text\">\n\t\t\t\t<h3 class=\"elementor-post__title\">\n\t\t\t<a href=\"https:\/\/wk3.com.br\/blog\/o-futuro-da-visibilidade-digital-de-seo-a-geo-e-aeo\/\" >\n\t\t\t\tO FUTURO DA VISIBILIDADE DIGITAL: DE SEO A GEO E AEO\t\t\t<\/a>\n\t\t<\/h3>\n\t\t\t\t<\/div>\n\t\t\t\t<\/article>\n\t\t\t\t<article class=\"elementor-post elementor-grid-item post-3264 post type-post status-publish format-standard has-post-thumbnail hentry category-60 category-comunicacao category-mkt-digital tag-branding tag-fake-news tag-internet\">\n\t\t\t\t<a class=\"elementor-post__thumbnail__link\" href=\"https:\/\/wk3.com.br\/blog\/dicas-praticas-para-identificar-a-mentira-digital\/\" >\n\t\t\t<div class=\"elementor-post__thumbnail\"><img loading=\"lazy\" decoding=\"async\" width=\"370\" height=\"370\" src=\"https:\/\/wk3.com.br\/blog\/wp-content\/uploads\/2025\/09\/WK3_Blog_2025_Set_Blog.png\" class=\"attachment-large size-large wp-image-3265\" alt=\"\" srcset=\"https:\/\/wk3.com.br\/blog\/wp-content\/uploads\/2025\/09\/WK3_Blog_2025_Set_Blog.png 370w, https:\/\/wk3.com.br\/blog\/wp-content\/uploads\/2025\/09\/WK3_Blog_2025_Set_Blog-150x150.png 150w\" sizes=\"(max-width: 370px) 100vw, 370px\" \/><\/div>\n\t\t<\/a>\n\t\t\t\t<div class=\"elementor-post__text\">\n\t\t\t\t<h3 class=\"elementor-post__title\">\n\t\t\t<a href=\"https:\/\/wk3.com.br\/blog\/dicas-praticas-para-identificar-a-mentira-digital\/\" >\n\t\t\t\tDICAS PR\u00c1TICAS PARA IDENTIFICAR A MENTIRA DIGITAL\t\t\t<\/a>\n\t\t<\/h3>\n\t\t\t\t<\/div>\n\t\t\t\t<\/article>\n\t\t\t\t<article class=\"elementor-post elementor-grid-item post-3258 post type-post status-publish format-standard has-post-thumbnail hentry category-60 category-branding category-identidade-visual category-mkt-estrategico category-artigos-publicidade\">\n\t\t\t\t<a class=\"elementor-post__thumbnail__link\" href=\"https:\/\/wk3.com.br\/blog\/marca-de-sucesso-no-b2b-relevancia-que-gera-valor-e-confianca\/\" >\n\t\t\t<div class=\"elementor-post__thumbnail\"><img loading=\"lazy\" decoding=\"async\" width=\"370\" height=\"370\" src=\"https:\/\/wk3.com.br\/blog\/wp-content\/uploads\/2025\/08\/WK3_Blog_2025_9_Blog.png\" class=\"attachment-large size-large wp-image-3259\" alt=\"\" srcset=\"https:\/\/wk3.com.br\/blog\/wp-content\/uploads\/2025\/08\/WK3_Blog_2025_9_Blog.png 370w, https:\/\/wk3.com.br\/blog\/wp-content\/uploads\/2025\/08\/WK3_Blog_2025_9_Blog-150x150.png 150w\" sizes=\"(max-width: 370px) 100vw, 370px\" \/><\/div>\n\t\t<\/a>\n\t\t\t\t<div class=\"elementor-post__text\">\n\t\t\t\t<h3 class=\"elementor-post__title\">\n\t\t\t<a href=\"https:\/\/wk3.com.br\/blog\/marca-de-sucesso-no-b2b-relevancia-que-gera-valor-e-confianca\/\" >\n\t\t\t\tMARCA DE SUCESSO NO B2B: RELEV\u00c2NCIA QUE GERA VALOR E CONFIAN\u00c7A\t\t\t<\/a>\n\t\t<\/h3>\n\t\t\t\t<\/div>\n\t\t\t\t<\/article>\n\t\t\t\t<article class=\"elementor-post elementor-grid-item post-3250 post type-post status-publish format-standard has-post-thumbnail hentry category-60 category-branding category-mkt-estrategico tag-marketing-estrategico\">\n\t\t\t\t<a class=\"elementor-post__thumbnail__link\" href=\"https:\/\/wk3.com.br\/blog\/marketing-estrategico-o-diferencial-que-posicioina-marcas-para-crescer\/\" >\n\t\t\t<div class=\"elementor-post__thumbnail\"><img loading=\"lazy\" decoding=\"async\" width=\"370\" height=\"370\" src=\"https:\/\/wk3.com.br\/blog\/wp-content\/uploads\/2025\/06\/WK3_Blog_2025_8_Blog.png\" class=\"attachment-large size-large wp-image-3251\" alt=\"\" srcset=\"https:\/\/wk3.com.br\/blog\/wp-content\/uploads\/2025\/06\/WK3_Blog_2025_8_Blog.png 370w, https:\/\/wk3.com.br\/blog\/wp-content\/uploads\/2025\/06\/WK3_Blog_2025_8_Blog-150x150.png 150w\" sizes=\"(max-width: 370px) 100vw, 370px\" \/><\/div>\n\t\t<\/a>\n\t\t\t\t<div class=\"elementor-post__text\">\n\t\t\t\t<h3 class=\"elementor-post__title\">\n\t\t\t<a href=\"https:\/\/wk3.com.br\/blog\/marketing-estrategico-o-diferencial-que-posicioina-marcas-para-crescer\/\" >\n\t\t\t\tMARKETING ESTRAT\u00c9GICO: O DIFERENCIAL QUE POSICIOINA MARCAS PARA CRESCER\t\t\t<\/a>\n\t\t<\/h3>\n\t\t\t\t<\/div>\n\t\t\t\t<\/article>\n\t\t\t\t<article class=\"elementor-post elementor-grid-item post-3246 post type-post status-publish format-standard has-post-thumbnail hentry category-60 category-mkt-estrategico category-artigos-publicidade category-sem-categoria tag-b2b tag-branding tag-marketing-b2b tag-artigos-publicidade\">\n\t\t\t\t<a class=\"elementor-post__thumbnail__link\" href=\"https:\/\/wk3.com.br\/blog\/marketing-b2b-em-2025-conexao-humana-dados-inteligentes-e-valor-real\/\" >\n\t\t\t<div class=\"elementor-post__thumbnail\"><img loading=\"lazy\" decoding=\"async\" width=\"370\" height=\"370\" src=\"https:\/\/wk3.com.br\/blog\/wp-content\/uploads\/2025\/05\/WK3_Blog_2025_7_Blog.png\" class=\"attachment-large size-large wp-image-3248\" alt=\"\" srcset=\"https:\/\/wk3.com.br\/blog\/wp-content\/uploads\/2025\/05\/WK3_Blog_2025_7_Blog.png 370w, https:\/\/wk3.com.br\/blog\/wp-content\/uploads\/2025\/05\/WK3_Blog_2025_7_Blog-150x150.png 150w\" sizes=\"(max-width: 370px) 100vw, 370px\" \/><\/div>\n\t\t<\/a>\n\t\t\t\t<div class=\"elementor-post__text\">\n\t\t\t\t<h3 class=\"elementor-post__title\">\n\t\t\t<a href=\"https:\/\/wk3.com.br\/blog\/marketing-b2b-em-2025-conexao-humana-dados-inteligentes-e-valor-real\/\" >\n\t\t\t\tMARKETING B2B EM 2025: CONEX\u00c3O HUMANA, DADOS INTELIGENTES E VALOR REAL\t\t\t<\/a>\n\t\t<\/h3>\n\t\t\t\t<\/div>\n\t\t\t\t<\/article>\n\t\t\t\t<article class=\"elementor-post elementor-grid-item post-3243 post type-post status-publish format-standard has-post-thumbnail hentry category-60 category-branding category-comunicacao category-inbound-marketing tag-branding tag-inbound-marketing tag-marketing-digital tag-artigos-publicidade tag-publicidade-digital-2\">\n\t\t\t\t<a class=\"elementor-post__thumbnail__link\" href=\"https:\/\/wk3.com.br\/blog\/inbound-marketing-e-mais-do-que-atrair-e-construir-relacoes-que-geram-valor-e-resultado\/\" >\n\t\t\t<div class=\"elementor-post__thumbnail\"><img loading=\"lazy\" decoding=\"async\" width=\"370\" height=\"370\" src=\"https:\/\/wk3.com.br\/blog\/wp-content\/uploads\/2025\/04\/WK3_Blog_2025_6_Blog.jpg\" class=\"attachment-large size-large wp-image-3244\" alt=\"Inbound Marketing: Por que seu neg\u00f3cio ainda n\u00e3o est\u00e1 colhendo os frutos?\" srcset=\"https:\/\/wk3.com.br\/blog\/wp-content\/uploads\/2025\/04\/WK3_Blog_2025_6_Blog.jpg 370w, https:\/\/wk3.com.br\/blog\/wp-content\/uploads\/2025\/04\/WK3_Blog_2025_6_Blog-150x150.jpg 150w\" sizes=\"(max-width: 370px) 100vw, 370px\" \/><\/div>\n\t\t<\/a>\n\t\t\t\t<div class=\"elementor-post__text\">\n\t\t\t\t<h3 class=\"elementor-post__title\">\n\t\t\t<a href=\"https:\/\/wk3.com.br\/blog\/inbound-marketing-e-mais-do-que-atrair-e-construir-relacoes-que-geram-valor-e-resultado\/\" >\n\t\t\t\tINBOUND MARKETING \u00c9 MAIS DO QUE ATRAIR, \u00c9 CONSTRUIR RELA\u00c7\u00d5ES QUE GERAM VALOR E RESULTADO.\t\t\t<\/a>\n\t\t<\/h3>\n\t\t\t\t<\/div>\n\t\t\t\t<\/article>\n\t\t\t\t<article class=\"elementor-post elementor-grid-item post-3239 post type-post status-publish format-standard has-post-thumbnail hentry category-60 category-branding category-artigos-publicidade tag-branding tag-marketing tag-vendas\">\n\t\t\t\t<a class=\"elementor-post__thumbnail__link\" href=\"https:\/\/wk3.com.br\/blog\/branding-marketing-e-vendas-a-formula-do-sucesso-para-qualquer-negocio\/\" >\n\t\t\t<div class=\"elementor-post__thumbnail\"><img loading=\"lazy\" decoding=\"async\" width=\"370\" height=\"370\" src=\"https:\/\/wk3.com.br\/blog\/wp-content\/uploads\/2025\/04\/WK3_Blog_2025_5_Blog.png\" class=\"attachment-large size-large wp-image-3241\" alt=\"\" srcset=\"https:\/\/wk3.com.br\/blog\/wp-content\/uploads\/2025\/04\/WK3_Blog_2025_5_Blog.png 370w, https:\/\/wk3.com.br\/blog\/wp-content\/uploads\/2025\/04\/WK3_Blog_2025_5_Blog-150x150.png 150w\" sizes=\"(max-width: 370px) 100vw, 370px\" \/><\/div>\n\t\t<\/a>\n\t\t\t\t<div class=\"elementor-post__text\">\n\t\t\t\t<h3 class=\"elementor-post__title\">\n\t\t\t<a href=\"https:\/\/wk3.com.br\/blog\/branding-marketing-e-vendas-a-formula-do-sucesso-para-qualquer-negocio\/\" >\n\t\t\t\tBRANDING, MARKETING E VENDAS: A F\u00d3RMULA DO SUCESSO PARA QUALQUER NEG\u00d3CIO\t\t\t<\/a>\n\t\t<\/h3>\n\t\t\t\t<\/div>\n\t\t\t\t<\/article>\n\t\t\t\t<article class=\"elementor-post elementor-grid-item post-3235 post type-post status-publish format-standard has-post-thumbnail hentry category-60 category-branding category-comunicacao category-mkt-digital category-seo tag-marketing-digital tag-publicidade-digital-2\">\n\t\t\t\t<a class=\"elementor-post__thumbnail__link\" href=\"https:\/\/wk3.com.br\/blog\/estrategia-digital-integrada-o-segredo-para-aumentar-conversoes-e-fortalecer-marcas\/\" >\n\t\t\t<div class=\"elementor-post__thumbnail\"><img loading=\"lazy\" decoding=\"async\" width=\"370\" height=\"370\" src=\"https:\/\/wk3.com.br\/blog\/wp-content\/uploads\/2025\/03\/WK3_Blog_2025_2_Blog-1.png\" class=\"attachment-large size-large wp-image-3236\" alt=\"Estrat\u00e9gia digital integrada: o segredo para aumentar convers\u00f5es e fortalecer marcas.\" srcset=\"https:\/\/wk3.com.br\/blog\/wp-content\/uploads\/2025\/03\/WK3_Blog_2025_2_Blog-1.png 370w, https:\/\/wk3.com.br\/blog\/wp-content\/uploads\/2025\/03\/WK3_Blog_2025_2_Blog-1-150x150.png 150w\" sizes=\"(max-width: 370px) 100vw, 370px\" \/><\/div>\n\t\t<\/a>\n\t\t\t\t<div class=\"elementor-post__text\">\n\t\t\t\t<h3 class=\"elementor-post__title\">\n\t\t\t<a href=\"https:\/\/wk3.com.br\/blog\/estrategia-digital-integrada-o-segredo-para-aumentar-conversoes-e-fortalecer-marcas\/\" >\n\t\t\t\tESTRAT\u00c9GIA DIGITAL INTEGRADA: O SEGREDO PARA AUMENTAR CONVERS\u00d5ES E FORTALECER MARCAS.\t\t\t<\/a>\n\t\t<\/h3>\n\t\t\t\t<\/div>\n\t\t\t\t<\/article>\n\t\t\t\t<article class=\"elementor-post elementor-grid-item post-3232 post type-post status-publish format-standard has-post-thumbnail hentry category-60 category-e-mail-marketing category-publicidade-digital tag-consumidor tag-marketing-digital\">\n\t\t\t\t<a class=\"elementor-post__thumbnail__link\" href=\"https:\/\/wk3.com.br\/blog\/o-consumidor-mudou-como-o-marketing-de-performance-pode-impulsionar-sua-marca\/\" >\n\t\t\t<div class=\"elementor-post__thumbnail\"><img loading=\"lazy\" decoding=\"async\" width=\"370\" height=\"370\" src=\"https:\/\/wk3.com.br\/blog\/wp-content\/uploads\/2025\/02\/WK3_Blog_2025_2_Blog-Fev25.png\" class=\"attachment-large size-large wp-image-3233\" alt=\"O consumidor mudou: como o marketing de performance pode impulsionar sua marca.\" srcset=\"https:\/\/wk3.com.br\/blog\/wp-content\/uploads\/2025\/02\/WK3_Blog_2025_2_Blog-Fev25.png 370w, https:\/\/wk3.com.br\/blog\/wp-content\/uploads\/2025\/02\/WK3_Blog_2025_2_Blog-Fev25-150x150.png 150w\" sizes=\"(max-width: 370px) 100vw, 370px\" \/><\/div>\n\t\t<\/a>\n\t\t\t\t<div class=\"elementor-post__text\">\n\t\t\t\t<h3 class=\"elementor-post__title\">\n\t\t\t<a href=\"https:\/\/wk3.com.br\/blog\/o-consumidor-mudou-como-o-marketing-de-performance-pode-impulsionar-sua-marca\/\" >\n\t\t\t\tO CONSUMIDOR MUDOU: COMO O MARKETING DE PERFORMANCE PODE IMPULSIONAR SUA MARCA.\t\t\t<\/a>\n\t\t<\/h3>\n\t\t\t\t<\/div>\n\t\t\t\t<\/article>\n\t\t\t\t<\/div>\n\t\t\n\t\t\t\t<div class=\"e-load-more-anchor\" data-page=\"1\" data-max-page=\"36\" data-next-page=\"https:\/\/wk3.com.br\/blog\/wp-json\/wp\/v2\/pages\/3024\/page\/2\/\"><\/div>\n\t\t\t\t<nav class=\"elementor-pagination\" aria-label=\"Pagina\u00e7\u00e3o\">\n\t\t\t<span aria-current=\"page\" class=\"page-numbers current\"><span class=\"elementor-screen-only\">P\u00e1gina<\/span>1<\/span>\n<a class=\"page-numbers\" href=\"https:\/\/wk3.com.br\/blog\/wp-json\/wp\/v2\/pages\/3024\/page\/2\/\"><span class=\"elementor-screen-only\">P\u00e1gina<\/span>2<\/a>\n<a class=\"page-numbers\" href=\"https:\/\/wk3.com.br\/blog\/wp-json\/wp\/v2\/pages\/3024\/page\/3\/\"><span class=\"elementor-screen-only\">P\u00e1gina<\/span>3<\/a>\n<span class=\"page-numbers dots\">&hellip;<\/span>\n<a class=\"page-numbers\" href=\"https:\/\/wk3.com.br\/blog\/wp-json\/wp\/v2\/pages\/3024\/page\/36\/\"><span class=\"elementor-screen-only\">P\u00e1gina<\/span>36<\/a>\t\t<\/nav>\n\t\t\t\t\t\t<\/div>\n\t\t\t\t<\/div>\n\t\t\t\t\t<\/div>\n\t\t\t\t<\/div>\n\t\t\t\t<\/div>\n\t\t","protected":false},"excerpt":{"rendered":"<p>Blog<\/p>\n","protected":false},"author":4,"featured_media":0,"parent":0,"menu_order":0,"comment_status":"closed","ping_status":"closed","template":"","meta":{"footnotes":""},"class_list":["post-3024","page","type-page","status-publish","hentry"],"_links":{"self":[{"href":"https:\/\/wk3.com.br\/blog\/wp-json\/wp\/v2\/pages\/3024","targetHints":{"allow":["GET"]}}],"collection":[{"href":"https:\/\/wk3.com.br\/blog\/wp-json\/wp\/v2\/pages"}],"about":[{"href":"https:\/\/wk3.com.br\/blog\/wp-json\/wp\/v2\/types\/page"}],"author":[{"embeddable":true,"href":"https:\/\/wk3.com.br\/blog\/wp-json\/wp\/v2\/users\/4"}],"replies":[{"embeddable":true,"href":"https:\/\/wk3.com.br\/blog\/wp-json\/wp\/v2\/comments?post=3024"}],"version-history":[{"count":19,"href":"https:\/\/wk3.com.br\/blog\/wp-json\/wp\/v2\/pages\/3024\/revisions"}],"predecessor-version":[{"id":3281,"href":"https:\/\/wk3.com.br\/blog\/wp-json\/wp\/v2\/pages\/3024\/revisions\/3281"}],"wp:attachment":[{"href":"https:\/\/wk3.com.br\/blog\/wp-json\/wp\/v2\/media?parent=3024"}],"curies":[{"name":"wp","href":"https:\/\/api.w.org\/{rel}","templated":true}]}}