{"id":1539,"date":"2014-08-12T14:58:15","date_gmt":"2014-08-12T17:58:15","guid":{"rendered":"https:\/\/wk3.com.br\/blog\/?page_id=1539"},"modified":"2014-08-12T14:58:15","modified_gmt":"2014-08-12T17:58:15","slug":"brasileiros-criam-antena-que-faz-celular-funcionar-mesmo-sem-sinal","status":"publish","type":"page","link":"https:\/\/wk3.com.br\/blog\/brasileiros-criam-antena-que-faz-celular-funcionar-mesmo-sem-sinal\/","title":{"rendered":"Brasileiros criam antena que faz celular funcionar mesmo sem sinal"},"content":{"rendered":"<p><a href=\"https:\/\/wk3.com.br\/blog\/wp-content\/uploads\/2014\/08\/celular_sem_sinal.jpg\"><img fetchpriority=\"high\" decoding=\"async\" class=\"size-full wp-image-1540 alignleft\" src=\"https:\/\/wk3.com.br\/blog\/wp-content\/uploads\/2014\/08\/celular_sem_sinal.jpg\" alt=\"celular_sem_sinal\" width=\"280\" height=\"280\" srcset=\"https:\/\/wk3.com.br\/blog\/wp-content\/uploads\/2014\/08\/celular_sem_sinal.jpg 280w, https:\/\/wk3.com.br\/blog\/wp-content\/uploads\/2014\/08\/celular_sem_sinal-150x150.jpg 150w\" sizes=\"(max-width: 280px) 100vw, 280px\" \/><\/a><\/p>\n<p>O goTenna\u00a0\u00e9 um dispositivo\u00a0capaz de fazer aparelhos celulares funcionarem sem depender do sinal telef\u00f4nico ou da internet.\u00a0A ideia, que partiu dor irm\u00e3os brasileiros que vivem nos EUA \u2013 Daniela\u00a0e\u00a0Jorge Perdomo \u2013 surgiu depois dos estragos causados pelo furac\u00e3o Sandy, em outubro de 2012, que deixou milh\u00f5es de pessoas incomunic\u00e1veis em 10 estados norte-americanos.<\/p>\n<p>O dispositivo goTenna conecta-se ao aparelho celular via Bluetooth e \u00e9 acionado por um aplicativo, dispon\u00edvel para Android e IOS. Com ondas de r\u00e1dio de 151 a 154 MHz, ele estabelece conex\u00e3o entre duas pessoas, por isso, \u00e9 vendido\u00a0em pares.\u00a0O aparelho tem um alcance de 80,4 km e pode ser usado em praias, florestas, ilhas ou em lugares onde o sinal do celular costuma falhar.<\/p>\n<p>Tamb\u00e9m \u00e9 poss\u00edvel enviar e receber mensagens gratuitamente e compartilhar a localiza\u00e7\u00e3o em um mapa offline, seja entre duas pessoas ou um grupo.<\/p>\n<p>O produto est\u00e1 em fase de pr\u00e9-venda nos Estados Unidos por US$ 150 e as primeiras unidades ser\u00e3o entregues aos compradores ainda este ano. Segundo o site, o valor subir\u00e1 para US$ 300 no lan\u00e7amento oficial, previsto para 2015. O Brasil est\u00e1 nos planos dos irm\u00e3os, mas ainda \u00e9 preciso submeter o aparelho \u00e0 aprova\u00e7\u00e3o da Anatel.<\/p>\n","protected":false},"excerpt":{"rendered":"<p>O goTenna\u00a0\u00e9 um dispositivo\u00a0capaz de fazer aparelhos celulares funcionarem sem depender do sinal telef\u00f4nico ou da internet.\u00a0A ideia, que partiu dor irm\u00e3os brasileiros que vivem nos EUA \u2013 Daniela\u00a0e\u00a0Jorge Perdomo \u2013 surgiu depois dos estragos causados pelo furac\u00e3o Sandy, em outubro de 2012, que deixou milh\u00f5es de pessoas incomunic\u00e1veis em 10 estados norte-americanos. O dispositivo [&hellip;]<\/p>\n","protected":false},"author":3,"featured_media":1540,"parent":0,"menu_order":0,"comment_status":"closed","ping_status":"closed","template":"","meta":{"footnotes":""},"class_list":["post-1539","page","type-page","status-publish","has-post-thumbnail","hentry"],"_links":{"self":[{"href":"https:\/\/wk3.com.br\/blog\/wp-json\/wp\/v2\/pages\/1539","targetHints":{"allow":["GET"]}}],"collection":[{"href":"https:\/\/wk3.com.br\/blog\/wp-json\/wp\/v2\/pages"}],"about":[{"href":"https:\/\/wk3.com.br\/blog\/wp-json\/wp\/v2\/types\/page"}],"author":[{"embeddable":true,"href":"https:\/\/wk3.com.br\/blog\/wp-json\/wp\/v2\/users\/3"}],"replies":[{"embeddable":true,"href":"https:\/\/wk3.com.br\/blog\/wp-json\/wp\/v2\/comments?post=1539"}],"version-history":[{"count":0,"href":"https:\/\/wk3.com.br\/blog\/wp-json\/wp\/v2\/pages\/1539\/revisions"}],"wp:featuredmedia":[{"embeddable":true,"href":"https:\/\/wk3.com.br\/blog\/wp-json\/wp\/v2\/media\/1540"}],"wp:attachment":[{"href":"https:\/\/wk3.com.br\/blog\/wp-json\/wp\/v2\/media?parent=1539"}],"curies":[{"name":"wp","href":"https:\/\/api.w.org\/{rel}","templated":true}]}}